{"id":14,"date":"2016-07-05T16:32:12","date_gmt":"2016-07-05T14:32:12","guid":{"rendered":"http:\/\/www.celine-bonacina.com\/megapulse\/?page_id=14"},"modified":"2017-01-16T13:31:28","modified_gmt":"2017-01-16T12:31:28","slug":"le-projet","status":"publish","type":"page","link":"https:\/\/www.celine-bonacina.com\/megapulse\/le-projet\/","title":{"rendered":"Le projet"},"content":{"rendered":"<div class=\"page\" title=\"Page 1\">\n<div class=\"layoutArea\">\n<div class=\"column\">\n<h2 style=\"text-align: center;\"><span style=\"color: #ff6600;\"><strong>CELINE BONACINA TRIO &amp; LE MEGAPULSE ORCHESTRA<br \/>\n<\/strong><\/span><\/h2>\n<div class=\"page\" title=\"Page 1\">\n<div class=\"layoutArea\">\n<div class=\"column\">\n<h3 style=\"text-align: center;\"><strong><em>UN <span style=\"color: #ff6600;\">VOYAGE<\/span> DU <span style=\"color: #ff6600;\">C\u00d4T\u00c9<\/span> DE <span style=\"color: #ff6600;\">L&rsquo;OC\u00c9AN<\/span> INDIEN<br \/>\n<\/em><\/strong><\/h3>\n<p>&nbsp;<\/p>\n<hr \/>\n<hr \/>\n<h3><strong><em>La saxophoniste C\u00e9line BONACINA a imagine\u0301, au printemps 2016, une cr\u00e9ation spectaculaire en grand format impliquant des musiciens amateurs, des \u00e9l\u00e8ves de conservatoires et d\u2019\u00e9coles de musiques, entoure\u0301s de leurs professeurs.<\/em><\/strong><\/h3>\n<h3><strong><em>Cette cr\u00e9ation a permis la mise en commun des ressources artistiques et p\u00e9dagogiques des de\u0301partements de l\u2019Orne, la Sarthe, le Calvados, la Mayenne, la Manche et l\u2019Ile-et-Vilaine et a rencontre\u0301 un grand succe\u0300s lors des trois concerts de cr\u00e9ation en mai 2016 : Festivals Jazz sous les Pommiers a\u0300 Coutances, Europajazz du Mans et la Luciole (Sc\u00e8ne des Musiques Actuelles d\u2019Alen\u00e7on).<\/em><\/strong><\/h3>\n<p>&nbsp;<\/p>\n<h4><em><strong><span style=\"color: #ff6600;\">VOUS ETES PROFESSEUR, DIRECTEUR DE CONSERVATOIRE, PROGRAMMATEUR ET SOUHAITEZ RECR\u00c9ER LE MEGAPULSE ORCHESTRA AVEC VOS ELEVES ET ETUDIANTS, SUR VOTRE TERRITOIRE ?<\/span> <\/strong><\/em><\/h4>\n<p><em style=\"color: #ff6600;\"><strong>Un court dossier explicatif est \u00e0 votre disposition sur demande. Pour le recevoir, vous pouvez envoyer un mail \u00e0 l&rsquo;adresse suivante : <span style=\"color: #ff6600;\">music.celinebonacina@gmail.com<\/span><\/strong><\/em><\/p>\n<\/div>\n<\/div>\n<\/div>\n<\/div>\n<div class=\"column\">\n<div class=\"page\" title=\"Page 1\">\n<div class=\"layoutArea\">\n<div class=\"column\">\n<h3><strong>EXTRAITS DE PRESSE<\/strong><\/h3>\n<p><strong><em>\u00ab La saxophoniste Ce\u0301line Bonacina a imagine\u0301 pour le printemps une cre\u0301ation spectaculaire en grand format \u00bb <\/em><\/strong><em><span style=\"color: #ff6600;\">(Ouest France)<\/span><\/em><\/p>\n<p><strong><em>\u00ab Une formation hors du commun baptise\u0301e le Megapulse Orchestra et compose\u0301e d\u2019une soixantaine de musiciens amateurs et d\u2019e\u0301le\u0300ves de conservatoire et d\u2019e\u0301cole de musique de Normandie : une chose est su\u0302re, c\u0327a va megapulser ! \u00bb <\/em><\/strong><em><span style=\"color: #ff6600;\">(Culture Box)<\/span><\/em><\/p>\n<p><strong><em>\u00ab La voix est claire, le ton enjoue\u0301. 40 ans, Ce\u0301line Bonacina, offre, en une belle synthe\u0300se, les fruits de ses passions, et de son parcours impressionnant : l\u2019enseignement de la musique, la transmission, le souffle de ses compositions nomades au groove \u00e9lectrisant et la conduite d\u2019une carrie\u0300re reconnue. <\/em><\/strong><em><span style=\"color: #ff6600;\">(La Croix)<\/span><\/em><strong><em><br \/>\n<\/em><\/strong><\/p>\n<p><a href=\"http:\/\/www.celine-bonacina.com\/megapulse\/wp-content\/uploads\/2016\/07\/RDP-MEGAPULSE2f.zip\" target=\"_blank\"><span style=\"color: #ff6600;\"><strong>T\u00e9l\u00e9chargez le dossier de presse complet!<\/strong><\/span><\/a><\/p>\n<\/div>\n<\/div>\n<\/div>\n<\/div>\n<\/div>\n<\/div>\n","protected":false},"excerpt":{"rendered":"<p>CELINE BONACINA TRIO &amp; LE MEGAPULSE ORCHESTRA UN VOYAGE DU C\u00d4T\u00c9 DE L&rsquo;OC\u00c9AN INDIEN &nbsp; La saxophoniste C\u00e9line BONACINA a imagine\u0301, au printemps 2016, une cr\u00e9ation spectaculaire en grand format impliquant des musiciens amateurs, des \u00e9l\u00e8ves de conservatoires et d\u2019\u00e9coles de musiques, entoure\u0301s de leurs professeurs. Cette cr\u00e9ation a permis la mise en commun des [&hellip;]<\/p>\n","protected":false},"author":1,"featured_media":0,"parent":0,"menu_order":0,"comment_status":"closed","ping_status":"closed","template":"","meta":[],"_links":{"self":[{"href":"https:\/\/www.celine-bonacina.com\/megapulse\/wp-json\/wp\/v2\/pages\/14"}],"collection":[{"href":"https:\/\/www.celine-bonacina.com\/megapulse\/wp-json\/wp\/v2\/pages"}],"about":[{"href":"https:\/\/www.celine-bonacina.com\/megapulse\/wp-json\/wp\/v2\/types\/page"}],"author":[{"embeddable":true,"href":"https:\/\/www.celine-bonacina.com\/megapulse\/wp-json\/wp\/v2\/users\/1"}],"replies":[{"embeddable":true,"href":"https:\/\/www.celine-bonacina.com\/megapulse\/wp-json\/wp\/v2\/comments?post=14"}],"version-history":[{"count":15,"href":"https:\/\/www.celine-bonacina.com\/megapulse\/wp-json\/wp\/v2\/pages\/14\/revisions"}],"predecessor-version":[{"id":236,"href":"https:\/\/www.celine-bonacina.com\/megapulse\/wp-json\/wp\/v2\/pages\/14\/revisions\/236"}],"wp:attachment":[{"href":"https:\/\/www.celine-bonacina.com\/megapulse\/wp-json\/wp\/v2\/media?parent=14"}],"curies":[{"name":"wp","href":"https:\/\/api.w.org\/{rel}","templated":true}]}}